{"id":20978,"date":"2025-10-06T22:12:40","date_gmt":"2025-10-06T20:12:40","guid":{"rendered":"https:\/\/thiele.crf-solutions.tech\/?page_id=20978"},"modified":"2025-10-21T20:25:35","modified_gmt":"2025-10-21T18:25:35","slug":"impressum","status":"publish","type":"page","link":"https:\/\/klangreich-akustik.de\/index.php\/impressum\/","title":{"rendered":"Impressum"},"content":{"rendered":"\n<p>Franziska Thiele<br>H\u00f6rger\u00e4te Thiele e.K.<br>Klangreich Akustik<br>Schlo\u00dfallee 33<br>01468 Moritzburg<\/p>\n\n\n\n<p>Handelsregister: HRA12259<br>Registergericht: Dresden<\/p>\n\n\n\n<h2 class=\"wp-block-heading\">Kontakt<\/h2>\n\n\n\n<p>Telefon: 035207150257<br>E-Mail: mail@klangreich-akustik.de<\/p>\n\n\n\n<h2 class=\"wp-block-heading\">Umsatzsteuer-ID<\/h2>\n\n\n\n<p>Umsatzsteuer-Identifikationsnummer gem\u00e4\u00df \u00a7 27 a Umsatzsteuergesetz:<br>DE455951449<\/p>\n\n\n\n<h2 class=\"wp-block-heading\">Verbraucher\u00adstreit\u00adbeilegung\/Universal\u00adschlichtungs\u00adstelle<\/h2>\n\n\n\n<p>Wir sind nicht bereit oder verpflichtet, an Streitbeilegungsverfahren vor einer Verbraucherschlichtungsstelle teilzunehmen.<\/p>\n","protected":false},"excerpt":{"rendered":"<p>Franziska ThieleH\u00f6rger\u00e4te Thiele e.K.Klangreich AkustikSchlo\u00dfallee 3301468 Moritzburg Handelsregister: HRA12259Registergericht: Dresden Kontakt Telefon: 035207150257E-Mail: mail@klangreich-akustik.de Umsatzsteuer-ID Umsatzsteuer-Identifikationsnummer gem\u00e4\u00df \u00a7 27 a Umsatzsteuergesetz:DE455951449 Verbraucher\u00adstreit\u00adbeilegung\/Universal\u00adschlichtungs\u00adstelle Wir sind nicht bereit oder verpflichtet, an Streitbeilegungsverfahren vor einer Verbraucherschlichtungsstelle teilzunehmen.<\/p>\n","protected":false},"author":1,"featured_media":0,"parent":0,"menu_order":0,"comment_status":"closed","ping_status":"closed","template":"","meta":{"footnotes":""},"class_list":["post-20978","page","type-page","status-publish","hentry"],"yoast_head":"<!-- This site is optimized with the Yoast SEO plugin v26.2 - https:\/\/yoast.com\/wordpress\/plugins\/seo\/ -->\n<title>Impressum - Klangreich Akustik<\/title>\n<meta name=\"robots\" content=\"index, follow, max-snippet:-1, max-image-preview:large, max-video-preview:-1\" \/>\n<link rel=\"canonical\" href=\"https:\/\/klangreich-akustik.de\/index.php\/impressum\/\" \/>\n<meta property=\"og:locale\" content=\"de_DE\" \/>\n<meta property=\"og:type\" content=\"article\" \/>\n<meta property=\"og:title\" content=\"Impressum - Klangreich Akustik\" \/>\n<meta property=\"og:description\" content=\"Franziska ThieleH\u00f6rger\u00e4te Thiele e.K.Klangreich AkustikSchlo\u00dfallee 3301468 Moritzburg Handelsregister: HRA12259Registergericht: Dresden Kontakt Telefon: 035207150257E-Mail: mail@klangreich-akustik.de Umsatzsteuer-ID Umsatzsteuer-Identifikationsnummer gem\u00e4\u00df \u00a7 27 a Umsatzsteuergesetz:DE455951449 Verbraucher\u00adstreit\u00adbeilegung\/Universal\u00adschlichtungs\u00adstelle Wir sind nicht bereit oder verpflichtet, an Streitbeilegungsverfahren vor einer Verbraucherschlichtungsstelle teilzunehmen.\" \/>\n<meta property=\"og:url\" content=\"https:\/\/klangreich-akustik.de\/index.php\/impressum\/\" \/>\n<meta property=\"og:site_name\" content=\"Klangreich Akustik\" \/>\n<meta property=\"article:modified_time\" content=\"2025-10-21T18:25:35+00:00\" \/>\n<meta name=\"twitter:card\" content=\"summary_large_image\" \/>\n<meta name=\"twitter:label1\" content=\"Gesch\u00e4tzte Lesezeit\" \/>\n\t<meta name=\"twitter:data1\" content=\"1\u00a0Minute\" \/>\n<script type=\"application\/ld+json\" class=\"yoast-schema-graph\">{\"@context\":\"https:\/\/schema.org\",\"@graph\":[{\"@type\":\"WebPage\",\"@id\":\"https:\/\/klangreich-akustik.de\/index.php\/impressum\/\",\"url\":\"https:\/\/klangreich-akustik.de\/index.php\/impressum\/\",\"name\":\"Impressum - Klangreich Akustik\",\"isPartOf\":{\"@id\":\"https:\/\/klangreich-akustik.de\/#website\"},\"datePublished\":\"2025-10-06T20:12:40+00:00\",\"dateModified\":\"2025-10-21T18:25:35+00:00\",\"breadcrumb\":{\"@id\":\"https:\/\/klangreich-akustik.de\/index.php\/impressum\/#breadcrumb\"},\"inLanguage\":\"de\",\"potentialAction\":[{\"@type\":\"ReadAction\",\"target\":[\"https:\/\/klangreich-akustik.de\/index.php\/impressum\/\"]}]},{\"@type\":\"BreadcrumbList\",\"@id\":\"https:\/\/klangreich-akustik.de\/index.php\/impressum\/#breadcrumb\",\"itemListElement\":[{\"@type\":\"ListItem\",\"position\":1,\"name\":\"Startseite\",\"item\":\"https:\/\/klangreich-akustik.de\/\"},{\"@type\":\"ListItem\",\"position\":2,\"name\":\"Impressum\"}]},{\"@type\":\"WebSite\",\"@id\":\"https:\/\/klangreich-akustik.de\/#website\",\"url\":\"https:\/\/klangreich-akustik.de\/\",\"name\":\"Klangreich Akustik\",\"description\":\"besser h\u00f6ren, besser leben - Ihr H\u00f6rger\u00e4teexperte in Moritzburg\",\"publisher\":{\"@id\":\"https:\/\/klangreich-akustik.de\/#organization\"},\"potentialAction\":[{\"@type\":\"SearchAction\",\"target\":{\"@type\":\"EntryPoint\",\"urlTemplate\":\"https:\/\/klangreich-akustik.de\/?s={search_term_string}\"},\"query-input\":{\"@type\":\"PropertyValueSpecification\",\"valueRequired\":true,\"valueName\":\"search_term_string\"}}],\"inLanguage\":\"de\"},{\"@type\":\"Organization\",\"@id\":\"https:\/\/klangreich-akustik.de\/#organization\",\"name\":\"Klangreich Akustik\",\"url\":\"https:\/\/klangreich-akustik.de\/\",\"logo\":{\"@type\":\"ImageObject\",\"inLanguage\":\"de\",\"@id\":\"https:\/\/klangreich-akustik.de\/#\/schema\/logo\/image\/\",\"url\":\"https:\/\/klangreich-akustik.de\/wp-content\/uploads\/2025\/09\/Thiele_Logo_klein.png\",\"contentUrl\":\"https:\/\/klangreich-akustik.de\/wp-content\/uploads\/2025\/09\/Thiele_Logo_klein.png\",\"width\":150,\"height\":150,\"caption\":\"Klangreich Akustik\"},\"image\":{\"@id\":\"https:\/\/klangreich-akustik.de\/#\/schema\/logo\/image\/\"}}]}<\/script>\n<!-- \/ Yoast SEO plugin. -->","yoast_head_json":{"title":"Impressum - Klangreich Akustik","robots":{"index":"index","follow":"follow","max-snippet":"max-snippet:-1","max-image-preview":"max-image-preview:large","max-video-preview":"max-video-preview:-1"},"canonical":"https:\/\/klangreich-akustik.de\/index.php\/impressum\/","og_locale":"de_DE","og_type":"article","og_title":"Impressum - Klangreich Akustik","og_description":"Franziska ThieleH\u00f6rger\u00e4te Thiele e.K.Klangreich AkustikSchlo\u00dfallee 3301468 Moritzburg Handelsregister: HRA12259Registergericht: Dresden Kontakt Telefon: 035207150257E-Mail: mail@klangreich-akustik.de Umsatzsteuer-ID Umsatzsteuer-Identifikationsnummer gem\u00e4\u00df \u00a7 27 a Umsatzsteuergesetz:DE455951449 Verbraucher\u00adstreit\u00adbeilegung\/Universal\u00adschlichtungs\u00adstelle Wir sind nicht bereit oder verpflichtet, an Streitbeilegungsverfahren vor einer Verbraucherschlichtungsstelle teilzunehmen.","og_url":"https:\/\/klangreich-akustik.de\/index.php\/impressum\/","og_site_name":"Klangreich Akustik","article_modified_time":"2025-10-21T18:25:35+00:00","twitter_card":"summary_large_image","twitter_misc":{"Gesch\u00e4tzte Lesezeit":"1\u00a0Minute"},"schema":{"@context":"https:\/\/schema.org","@graph":[{"@type":"WebPage","@id":"https:\/\/klangreich-akustik.de\/index.php\/impressum\/","url":"https:\/\/klangreich-akustik.de\/index.php\/impressum\/","name":"Impressum - Klangreich Akustik","isPartOf":{"@id":"https:\/\/klangreich-akustik.de\/#website"},"datePublished":"2025-10-06T20:12:40+00:00","dateModified":"2025-10-21T18:25:35+00:00","breadcrumb":{"@id":"https:\/\/klangreich-akustik.de\/index.php\/impressum\/#breadcrumb"},"inLanguage":"de","potentialAction":[{"@type":"ReadAction","target":["https:\/\/klangreich-akustik.de\/index.php\/impressum\/"]}]},{"@type":"BreadcrumbList","@id":"https:\/\/klangreich-akustik.de\/index.php\/impressum\/#breadcrumb","itemListElement":[{"@type":"ListItem","position":1,"name":"Startseite","item":"https:\/\/klangreich-akustik.de\/"},{"@type":"ListItem","position":2,"name":"Impressum"}]},{"@type":"WebSite","@id":"https:\/\/klangreich-akustik.de\/#website","url":"https:\/\/klangreich-akustik.de\/","name":"Klangreich Akustik","description":"besser h\u00f6ren, besser leben - Ihr H\u00f6rger\u00e4teexperte in Moritzburg","publisher":{"@id":"https:\/\/klangreich-akustik.de\/#organization"},"potentialAction":[{"@type":"SearchAction","target":{"@type":"EntryPoint","urlTemplate":"https:\/\/klangreich-akustik.de\/?s={search_term_string}"},"query-input":{"@type":"PropertyValueSpecification","valueRequired":true,"valueName":"search_term_string"}}],"inLanguage":"de"},{"@type":"Organization","@id":"https:\/\/klangreich-akustik.de\/#organization","name":"Klangreich Akustik","url":"https:\/\/klangreich-akustik.de\/","logo":{"@type":"ImageObject","inLanguage":"de","@id":"https:\/\/klangreich-akustik.de\/#\/schema\/logo\/image\/","url":"https:\/\/klangreich-akustik.de\/wp-content\/uploads\/2025\/09\/Thiele_Logo_klein.png","contentUrl":"https:\/\/klangreich-akustik.de\/wp-content\/uploads\/2025\/09\/Thiele_Logo_klein.png","width":150,"height":150,"caption":"Klangreich Akustik"},"image":{"@id":"https:\/\/klangreich-akustik.de\/#\/schema\/logo\/image\/"}}]}},"_links":{"self":[{"href":"https:\/\/klangreich-akustik.de\/index.php\/wp-json\/wp\/v2\/pages\/20978","targetHints":{"allow":["GET"]}}],"collection":[{"href":"https:\/\/klangreich-akustik.de\/index.php\/wp-json\/wp\/v2\/pages"}],"about":[{"href":"https:\/\/klangreich-akustik.de\/index.php\/wp-json\/wp\/v2\/types\/page"}],"author":[{"embeddable":true,"href":"https:\/\/klangreich-akustik.de\/index.php\/wp-json\/wp\/v2\/users\/1"}],"replies":[{"embeddable":true,"href":"https:\/\/klangreich-akustik.de\/index.php\/wp-json\/wp\/v2\/comments?post=20978"}],"version-history":[{"count":1,"href":"https:\/\/klangreich-akustik.de\/index.php\/wp-json\/wp\/v2\/pages\/20978\/revisions"}],"predecessor-version":[{"id":20979,"href":"https:\/\/klangreich-akustik.de\/index.php\/wp-json\/wp\/v2\/pages\/20978\/revisions\/20979"}],"wp:attachment":[{"href":"https:\/\/klangreich-akustik.de\/index.php\/wp-json\/wp\/v2\/media?parent=20978"}],"curies":[{"name":"wp","href":"https:\/\/api.w.org\/{rel}","templated":true}]}}